{"id":3,"date":"2022-10-25T18:05:32","date_gmt":"2022-10-25T18:05:32","guid":{"rendered":"https:\/\/salvemloburgar.com\/?page_id=3"},"modified":"2022-10-31T00:16:43","modified_gmt":"2022-10-30T23:16:43","slug":"privacy-policy","status":"publish","type":"page","link":"https:\/\/salvemloburgar.com\/ca\/privacy-policy\/","title":{"rendered":"Pol\u00edtica de privacitat"},"content":{"rendered":"<h2 class=\"wp-block-heading\">Qui som<\/h2>\n\n\n\n<p>L'adre\u00e7a de la nostra p\u00e0gina web \u00e9s: https:\/\/salvemloburgar.com<\/p>\n\n\n\n<p><strong>PROTECCI\u00d3 DE DADES DE CAR\u00c0CTER PERSONAL<\/strong><\/p>\n\n\n\n<p>En compliment de l\u2019establert al Reglament (UE) 2016\/679 del Parlament Europeu i del Consell i la Llei Org\u00e0nica 3\/2018, de 5 de desembre, li informem que les dades personals facilitades per vost\u00e8 seran tractades sota la responsabilitat de l\u2019Associaci\u00f3 Salvem Lo Burgar, amb CIF G10598548, situat al Poligon 71, Parcela 26, 43746 Tivissa (Tarragona), tel\u00e8fon 643517702 i e-mail salvem.lo.bugar@gmail.com, amb la finalitat de poder gestionar de forma adient la seva sol\u00b7licitud i els tr\u00e0mits administratius que es derivin, aix\u00ed com per a l\u2019enviament, per a qualsevol mitj\u00e0, d\u2019informaci\u00f3 sobre not\u00edcies i\/o activitats de l\u2019Associaci\u00f3 Salvem Lo Burgar, que puguin ser del seu inter\u00e8s, sempre i quan aix\u00ed ho autoritzi marcant la casella corresponent del formulari, consentiment que podr\u00e0 revocar en qualsevol moment.&nbsp;<\/p>\n\n\n\n<p>Les seves dades seran conservades mentre es mantingui la present relaci\u00f3 i el temps necessari per a donar compliment a les obligacions legals i contractuals segons la normativa vigent. La base legal pel tractament de les seves dades es fonamentar\u00e0 en el seu consentiment expr\u00e9s facilitat en el formulari corresponent i en la relaci\u00f3 contractual existent entre ambdues parts i no seran comunicades a tercers, menys en aquells casos previstos per la legislaci\u00f3 vigent. \nPot exercir els drets d\u2019acc\u00e9s, rectificaci\u00f3, supressi\u00f3, limitaci\u00f3, portabilitat i oposici\u00f3 de forma escrita via e-mail a salvem.lo.bugar@gmail.com, adjuntant fotoc\u00f2pia de document oficial que l\u2019identifiqui. \nPot obtenir m\u00e9s informaci\u00f3 sobre els seus drets a la p\u00e0gina web de l\u2019Ag\u00e8ncia Espanyola de Protecci\u00f3 de Dades.<\/p>\n\n\n\n<h2 class=\"wp-block-heading\">Comentaris<\/h2>\n\n\n\n<p>Quan els visitants deixen comentaris al lloc, recollim les dades que es mostren al formulari de comentaris, i tamb\u00e9 l'adre\u00e7a IP del visitant i la cadena d'agent d'usuari del navegador per ajudar a la detecci\u00f3 de correu brossa.<\/p>\n\n\n\n<p>Es pot proporcionar una cadena an\u00f2nima creada a partir de la vostra adre\u00e7a de correu electr\u00f2nic (tamb\u00e9 anomenada hash) al servei Gravatar per veure si l'est\u00e0s utilitzant. La pol\u00edtica de privadesa del servei Gravatar est\u00e0 disponible aqu\u00ed: https:\/\/automattic.com\/privacy\/. Despr\u00e9s de l'aprovaci\u00f3 del teu comentari, la teva foto de perfil \u00e9s visible per al p\u00fablic en el context del teu comentari.<\/p>\n\n\n\n<h2 class=\"wp-block-heading\">Mitjans de comunicaci\u00f3<\/h2>\n\n\n\n<p>Si pengeu imatges al lloc web, heu d'evitar penjar imatges amb dades d'ubicaci\u00f3 incrustades (GPS EXIF) incloses. Els visitants del lloc web poden descarregar i extreure qualsevol dada d'ubicaci\u00f3 de les imatges del lloc web.<\/p>\n\n\n\n<h2 class=\"wp-block-heading\">Galetes<\/h2>\n\n\n\n<p>Si deixeu un comentari al nostre lloc, podeu optar per desar el vostre nom, adre\u00e7a de correu electr\u00f2nic i lloc web a les galetes. Aquestes s\u00f3n per a la teva comoditat perqu\u00e8 no hagis d'omplir les teves dades de nou quan deixis un altre comentari. Aquestes galetes duraran un any.<\/p>\n\n\n\n<p>Si visiteu la nostra p\u00e0gina d'inici de sessi\u00f3, establirem una galeta temporal per determinar si el vostre navegador accepta cookies. Aquesta galeta no cont\u00e9 dades personals i es descarta quan tanqueu el navegador.<\/p>\n\n\n\n<p>Quan inicieu sessi\u00f3, tamb\u00e9 configurarem diverses galetes per desar la vostra informaci\u00f3 d'inici de sessi\u00f3 i les vostres opcions de visualitzaci\u00f3 de la pantalla. Les galetes d'inici de sessi\u00f3 duren dos dies i les d'opcions de pantalla un any. Si seleccioneu \"Recorda'm\", el vostre inici de sessi\u00f3 es mantindr\u00e0 durant dues setmanes. Si tanqueu la sessi\u00f3 del vostre compte, les galetes d'inici de sessi\u00f3 s'eliminaran.<\/p>\n\n\n\n<p>Si editeu o publiqueu un article, es desar\u00e0 una galeta addicional al vostre navegador. Aquesta galeta no inclou dades personals i simplement indica l'ID de publicaci\u00f3 de l'article que acabeu d'editar. Caduca al cap d'1 dia.<\/p>\n\n\n\n<h2 class=\"wp-block-heading\">Contingut incrustat d'altres llocs web<\/h2>\n\n\n\n<p>Els articles d'aquest lloc poden incloure contingut incrustat (per exemple, v\u00eddeos, imatges, articles, etc.). El contingut incrustat d'altres llocs web es comporta exactament de la mateixa manera que si el visitant hagu\u00e9s visitat l'altre lloc web.<\/p>\n\n\n\n<p>Aquests llocs web poden recopilar dades sobre vost\u00e8, utilitzar galetes, incrustar seguiment addicional de tercers i supervisar la seva interacci\u00f3 amb aquest contingut incrustat, incl\u00f2s el seguiment de la seva interacci\u00f3 amb el contingut incrustat si teniu un compte i heu iniciat sessi\u00f3 en aquest lloc web.<\/p>\n\n\n\n<h2 class=\"wp-block-heading\">Amb qui compartim les teves dades<\/h2>\n\n\n\n<p>Si sol\u00b7liciteu un restabliment de la contrasenya, la vostra adre\u00e7a IP s'inclour\u00e0 al correu electr\u00f2nic de restabliment.<\/p>\n\n\n\n<h2 class=\"wp-block-heading\">Quant de temps conservem les vostres dades<\/h2>\n\n\n\n<p>Si deixeu un comentari, el comentari i les seves metadades es conserven indefinidament. Aix\u00f2 \u00e9s perqu\u00e8 puguem recon\u00e8ixer i aprovar qualsevol comentari de seguiment autom\u00e0ticament en lloc de mantenir-los en una cua de moderaci\u00f3.<\/p>\n\n\n\n<p>Per als usuaris que es registren al nostre lloc web (si n'hi ha), tamb\u00e9 emmagatzemem la informaci\u00f3 personal que proporcionen al seu perfil d'usuari. Tots els usuaris poden veure, editar o suprimir la seva informaci\u00f3 personal en qualsevol moment (excepte que no poden canviar el seu nom d'usuari). Els administradors del lloc web tamb\u00e9 poden veure i editar aquesta informaci\u00f3.<\/p>\n\n\n\n<h2 class=\"wp-block-heading\">Quins drets tens sobre les teves dades<\/h2>\n\n\n\n<p>Si teniu un compte en aquest lloc o heu deixat comentaris, podeu sol\u00b7licitar rebre un fitxer exportat de les dades personals que tenim sobre vosaltres, incloses les dades que ens h\u00e0giu proporcionat. Tamb\u00e9 podeu sol\u00b7licitar que esborrem les dades personals que tenim sobre vosaltres. Aix\u00f2 no inclou cap dada que estem obligats a conservar amb finalitats administratives, legals o de seguretat.<\/p>\n\n\n\n<h2 class=\"wp-block-heading\">On s'envien les teves dades<\/h2>\n\n\n\n<p>Els comentaris dels visitants es poden comprovar mitjan\u00e7ant un servei automatitzat de detecci\u00f3 de correu brossa.<\/p>","protected":false},"excerpt":{"rendered":"<p>Who we are Our website address is: https:\/\/salvemloburgar.com PROTECTION OF PERSONAL INFORMATION In compliance with the provisions of Regulation (EU) 2016\/679 of the European Parliament and of the Council and Organic Law 3\/2018, of December 5, we inform you that the personal data provided by you will be treated under the responsibility of the Association<br \/><a class=\"moretag\" href=\"https:\/\/salvemloburgar.com\/ca\/privacy-policy\/\">+ Llegir m\u00e9s<\/a><\/p>","protected":false},"author":1,"featured_media":0,"parent":0,"menu_order":0,"comment_status":"closed","ping_status":"open","template":"","meta":{"footnotes":""},"class_list":["post-3","page","type-page","status-publish","hentry"],"_links":{"self":[{"href":"https:\/\/salvemloburgar.com\/ca\/wp-json\/wp\/v2\/pages\/3","targetHints":{"allow":["GET"]}}],"collection":[{"href":"https:\/\/salvemloburgar.com\/ca\/wp-json\/wp\/v2\/pages"}],"about":[{"href":"https:\/\/salvemloburgar.com\/ca\/wp-json\/wp\/v2\/types\/page"}],"author":[{"embeddable":true,"href":"https:\/\/salvemloburgar.com\/ca\/wp-json\/wp\/v2\/users\/1"}],"replies":[{"embeddable":true,"href":"https:\/\/salvemloburgar.com\/ca\/wp-json\/wp\/v2\/comments?post=3"}],"version-history":[{"count":3,"href":"https:\/\/salvemloburgar.com\/ca\/wp-json\/wp\/v2\/pages\/3\/revisions"}],"predecessor-version":[{"id":208,"href":"https:\/\/salvemloburgar.com\/ca\/wp-json\/wp\/v2\/pages\/3\/revisions\/208"}],"wp:attachment":[{"href":"https:\/\/salvemloburgar.com\/ca\/wp-json\/wp\/v2\/media?parent=3"}],"curies":[{"name":"wp","href":"https:\/\/api.w.org\/{rel}","templated":true}]}}